{"id":141,"date":"2014-11-11T10:49:05","date_gmt":"2014-11-11T10:49:05","guid":{"rendered":"http:\/\/themes.muffingroup.com\/be\/furniture\/?page_id=2"},"modified":"2025-08-12T15:45:59","modified_gmt":"2025-08-12T15:45:59","slug":"toldos-em-limeira","status":"publish","type":"page","link":"https:\/\/toldosbarbosaemlimeira.com.br\/","title":{"rendered":"Home"},"content":{"rendered":"<p>Quem Somos<\/p>\n<p>[google_font font=&#8221;Roboto&#8221; size=&#8221;50&#8243; weight=&#8221;400&#8243; italic=&#8221;0&#8243; letter_spacing=&#8221;&#8221; color=&#8221;#fff&#8221; subset=&#8221;&#8221;]Quem Somos[\/google_font]<\/p>\n<p>left<\/p>\n<p>#a7853b<\/p>\n<p>no-repeat;center top;;<\/p>\n<p>auto<\/p>\n<p>20px<\/p>\n<p>Quem Somos<\/p>\n<h2 style=\"margin-bottom: 40px;\">Toldos Barbosa<\/h2>\n<h6 style=\"margin-bottom: 7px;\">H\u00e1 mais de 10 anos atuando com o com\u00e9rcio e instala\u00e7\u00e3o de <b>toldos em Limeira<\/b>.<br \/>\n[divider height=&#8221;15&#8243;]<br \/>\nProfissionais qualificados e atendimento diferenciado fazem da Toldos Barbosa uma empresa que preza<b> pela qualidade no atendimento, respeito e compromisso com o cliente<\/b>.<br \/>\n[divider height=&#8221;15&#8243;]<br \/>\nPossu\u00edmos uma grande <b>variedade de modelos<\/b> que buscam atender o gosto e a necessidade do cliente.<\/h6>\n<p>[divider height=&#8221;15&#8243;]<\/p>\n<h6 style=\"margin-bottom: 7px;\">Comercializamos e instalamos <b>toldos em policarbonato e lona, cortina, retr\u00e1til fixo e m\u00f3vel, cobertura para carro, estrutura galvanizada, estrutura pintada e eletrost\u00e1tica.<\/b>.<br \/>\n[divider height=&#8221;15&#8243;]<\/p>\n<p>Procurando toldos de qualidade? <a href=\"https:\/\/lightgray-hare-437419.hostingersite.com\/#contato\"><u><b>Fale com a gente<\/b><\/u><\/a>.<\/p>\n<p>left<\/p>\n<p>no-repeat;center top;;<\/p>\n<p>auto<\/p>\n<p>80px 9% 0 20px<\/p>\n<p>fadeInLeftLarge<\/p>\n<p><img decoding=\"async\" src=\"https:\/\/lightgray-hare-437419.hostingersite.com\/wp-content\/uploads\/2014\/11\/quem-somos-toldos-barbosa.jpg\" alt=\"quem-somos-toldos-barbosa\"\/><\/p>\n<p>center<\/p>\n<p>80px<\/p>\n<p>20<\/p>\n<p>fadeInRightLarge<\/p>\n<p>Portf\u00f3lio<\/p>\n<p>[google_font font=&#8221;Roboto&#8221; size=&#8221;50&#8243; weight=&#8221;400&#8243; italic=&#8221;0&#8243; letter_spacing=&#8221;&#8221; color=&#8221;#fff&#8221; subset=&#8221;&#8221;]Portf\u00f3lio de Produtos[\/google_font]<\/p>\n<p>left<\/p>\n<p>#a7853b<\/p>\n<p>no-repeat;center top;;<\/p>\n<p>auto<\/p>\n<p>20px<\/p>\n<p>Galeria<\/p>\n\n\t\t<style type=\"text\/css\">\n\t\t\t#gallery-1 {\n\t\t\t\tmargin: auto;\n\t\t\t}\n\t\t\t#gallery-1 .gallery-item {\n\t\t\t\tfloat: left;\n\t\t\t\tmargin-top: 10px;\n\t\t\t\ttext-align: center;\n\t\t\t\twidth: 25%;\n\t\t\t}\n\t\t\t#gallery-1 img {\n\t\t\t\tborder: 2px solid #cfcfcf;\n\t\t\t}\n\t\t\t#gallery-1 .gallery-caption {\n\t\t\t\tmargin-left: 0;\n\t\t\t}\n\t\t\t\/* see gallery_shortcode() in wp-includes\/media.php *\/\n\t\t<\/style>\n\t\t<div id='gallery-1' class='gallery galleryid-141 gallery-columns-4 gallery-size-medium'><dl class='gallery-item'>\n\t\t\t<dt class='gallery-icon landscape'>\n\t\t\t\t<a href='https:\/\/toldosbarbosaemlimeira.com.br\/wp-content\/uploads\/2017\/01\/toldo-fixo-barbosa.jpg'><img loading=\"lazy\" decoding=\"async\" width=\"300\" height=\"169\" src=\"https:\/\/toldosbarbosaemlimeira.com.br\/wp-content\/uploads\/2017\/01\/toldo-fixo-barbosa-300x169.jpg\" class=\"attachment-medium size-medium\" alt=\"\" srcset=\"https:\/\/toldosbarbosaemlimeira.com.br\/wp-content\/uploads\/2017\/01\/toldo-fixo-barbosa-300x169.jpg 300w, https:\/\/toldosbarbosaemlimeira.com.br\/wp-content\/uploads\/2017\/01\/toldo-fixo-barbosa-768x432.jpg 768w, https:\/\/toldosbarbosaemlimeira.com.br\/wp-content\/uploads\/2017\/01\/toldo-fixo-barbosa-260x146.jpg 260w, https:\/\/toldosbarbosaemlimeira.com.br\/wp-content\/uploads\/2017\/01\/toldo-fixo-barbosa-50x28.jpg 50w, https:\/\/toldosbarbosaemlimeira.com.br\/wp-content\/uploads\/2017\/01\/toldo-fixo-barbosa-133x75.jpg 133w, https:\/\/toldosbarbosaemlimeira.com.br\/wp-content\/uploads\/2017\/01\/toldo-fixo-barbosa.jpg 960w\" sizes=\"auto, (max-width: 300px) 100vw, 300px\" \/><\/a>\n\t\t\t<\/dt><\/dl><dl class='gallery-item'>\n\t\t\t<dt class='gallery-icon landscape'>\n\t\t\t\t<a href='https:\/\/toldosbarbosaemlimeira.com.br\/wp-content\/uploads\/2017\/01\/toldo-fixo.jpg'><img loading=\"lazy\" decoding=\"async\" width=\"300\" height=\"169\" src=\"https:\/\/toldosbarbosaemlimeira.com.br\/wp-content\/uploads\/2017\/01\/toldo-fixo-300x169.jpg\" class=\"attachment-medium size-medium\" alt=\"\" srcset=\"https:\/\/toldosbarbosaemlimeira.com.br\/wp-content\/uploads\/2017\/01\/toldo-fixo-300x169.jpg 300w, https:\/\/toldosbarbosaemlimeira.com.br\/wp-content\/uploads\/2017\/01\/toldo-fixo-768x432.jpg 768w, https:\/\/toldosbarbosaemlimeira.com.br\/wp-content\/uploads\/2017\/01\/toldo-fixo-260x146.jpg 260w, https:\/\/toldosbarbosaemlimeira.com.br\/wp-content\/uploads\/2017\/01\/toldo-fixo-50x28.jpg 50w, https:\/\/toldosbarbosaemlimeira.com.br\/wp-content\/uploads\/2017\/01\/toldo-fixo-133x75.jpg 133w, https:\/\/toldosbarbosaemlimeira.com.br\/wp-content\/uploads\/2017\/01\/toldo-fixo.jpg 960w\" sizes=\"auto, (max-width: 300px) 100vw, 300px\" \/><\/a>\n\t\t\t<\/dt><\/dl><dl class='gallery-item'>\n\t\t\t<dt class='gallery-icon landscape'>\n\t\t\t\t<a href='https:\/\/toldosbarbosaemlimeira.com.br\/wp-content\/uploads\/2017\/01\/toldo-estrutura-galvanizada.jpg'><img loading=\"lazy\" decoding=\"async\" width=\"300\" height=\"169\" src=\"https:\/\/toldosbarbosaemlimeira.com.br\/wp-content\/uploads\/2017\/01\/toldo-estrutura-galvanizada-300x169.jpg\" class=\"attachment-medium size-medium\" alt=\"\" srcset=\"https:\/\/toldosbarbosaemlimeira.com.br\/wp-content\/uploads\/2017\/01\/toldo-estrutura-galvanizada-300x169.jpg 300w, https:\/\/toldosbarbosaemlimeira.com.br\/wp-content\/uploads\/2017\/01\/toldo-estrutura-galvanizada-768x432.jpg 768w, https:\/\/toldosbarbosaemlimeira.com.br\/wp-content\/uploads\/2017\/01\/toldo-estrutura-galvanizada-260x146.jpg 260w, https:\/\/toldosbarbosaemlimeira.com.br\/wp-content\/uploads\/2017\/01\/toldo-estrutura-galvanizada-50x28.jpg 50w, https:\/\/toldosbarbosaemlimeira.com.br\/wp-content\/uploads\/2017\/01\/toldo-estrutura-galvanizada-133x75.jpg 133w, https:\/\/toldosbarbosaemlimeira.com.br\/wp-content\/uploads\/2017\/01\/toldo-estrutura-galvanizada.jpg 960w\" sizes=\"auto, (max-width: 300px) 100vw, 300px\" \/><\/a>\n\t\t\t<\/dt><\/dl><dl class='gallery-item'>\n\t\t\t<dt class='gallery-icon landscape'>\n\t\t\t\t<a href='https:\/\/toldosbarbosaemlimeira.com.br\/wp-content\/uploads\/2017\/01\/toldo-lona-transparente.jpg'><img loading=\"lazy\" decoding=\"async\" width=\"300\" height=\"169\" src=\"https:\/\/toldosbarbosaemlimeira.com.br\/wp-content\/uploads\/2017\/01\/toldo-lona-transparente-300x169.jpg\" class=\"attachment-medium size-medium\" alt=\"\" srcset=\"https:\/\/toldosbarbosaemlimeira.com.br\/wp-content\/uploads\/2017\/01\/toldo-lona-transparente-300x169.jpg 300w, https:\/\/toldosbarbosaemlimeira.com.br\/wp-content\/uploads\/2017\/01\/toldo-lona-transparente-768x432.jpg 768w, https:\/\/toldosbarbosaemlimeira.com.br\/wp-content\/uploads\/2017\/01\/toldo-lona-transparente-260x146.jpg 260w, https:\/\/toldosbarbosaemlimeira.com.br\/wp-content\/uploads\/2017\/01\/toldo-lona-transparente-50x28.jpg 50w, https:\/\/toldosbarbosaemlimeira.com.br\/wp-content\/uploads\/2017\/01\/toldo-lona-transparente-133x75.jpg 133w, https:\/\/toldosbarbosaemlimeira.com.br\/wp-content\/uploads\/2017\/01\/toldo-lona-transparente.jpg 960w\" sizes=\"auto, (max-width: 300px) 100vw, 300px\" \/><\/a>\n\t\t\t<\/dt><\/dl><br style=\"clear: both\" \/><dl class='gallery-item'>\n\t\t\t<dt class='gallery-icon landscape'>\n\t\t\t\t<a href='https:\/\/toldosbarbosaemlimeira.com.br\/wp-content\/uploads\/2017\/01\/toldo-lona.jpg'><img loading=\"lazy\" decoding=\"async\" width=\"300\" height=\"169\" src=\"https:\/\/toldosbarbosaemlimeira.com.br\/wp-content\/uploads\/2017\/01\/toldo-lona-300x169.jpg\" class=\"attachment-medium size-medium\" alt=\"\" srcset=\"https:\/\/toldosbarbosaemlimeira.com.br\/wp-content\/uploads\/2017\/01\/toldo-lona-300x169.jpg 300w, https:\/\/toldosbarbosaemlimeira.com.br\/wp-content\/uploads\/2017\/01\/toldo-lona-768x432.jpg 768w, https:\/\/toldosbarbosaemlimeira.com.br\/wp-content\/uploads\/2017\/01\/toldo-lona-260x146.jpg 260w, https:\/\/toldosbarbosaemlimeira.com.br\/wp-content\/uploads\/2017\/01\/toldo-lona-50x28.jpg 50w, https:\/\/toldosbarbosaemlimeira.com.br\/wp-content\/uploads\/2017\/01\/toldo-lona-133x75.jpg 133w, https:\/\/toldosbarbosaemlimeira.com.br\/wp-content\/uploads\/2017\/01\/toldo-lona.jpg 960w\" sizes=\"auto, (max-width: 300px) 100vw, 300px\" \/><\/a>\n\t\t\t<\/dt><\/dl><dl class='gallery-item'>\n\t\t\t<dt class='gallery-icon landscape'>\n\t\t\t\t<a href='https:\/\/toldosbarbosaemlimeira.com.br\/wp-content\/uploads\/2017\/01\/toldos-variados.jpg'><img loading=\"lazy\" decoding=\"async\" width=\"300\" height=\"169\" src=\"https:\/\/toldosbarbosaemlimeira.com.br\/wp-content\/uploads\/2017\/01\/toldos-variados-300x169.jpg\" class=\"attachment-medium size-medium\" alt=\"\" srcset=\"https:\/\/toldosbarbosaemlimeira.com.br\/wp-content\/uploads\/2017\/01\/toldos-variados-300x169.jpg 300w, https:\/\/toldosbarbosaemlimeira.com.br\/wp-content\/uploads\/2017\/01\/toldos-variados-768x432.jpg 768w, https:\/\/toldosbarbosaemlimeira.com.br\/wp-content\/uploads\/2017\/01\/toldos-variados-260x146.jpg 260w, https:\/\/toldosbarbosaemlimeira.com.br\/wp-content\/uploads\/2017\/01\/toldos-variados-50x28.jpg 50w, https:\/\/toldosbarbosaemlimeira.com.br\/wp-content\/uploads\/2017\/01\/toldos-variados-133x75.jpg 133w, https:\/\/toldosbarbosaemlimeira.com.br\/wp-content\/uploads\/2017\/01\/toldos-variados.jpg 960w\" sizes=\"auto, (max-width: 300px) 100vw, 300px\" \/><\/a>\n\t\t\t<\/dt><\/dl><dl class='gallery-item'>\n\t\t\t<dt class='gallery-icon landscape'>\n\t\t\t\t<a href='https:\/\/toldosbarbosaemlimeira.com.br\/wp-content\/uploads\/2017\/01\/cobertura-para-garagem.jpg'><img loading=\"lazy\" decoding=\"async\" width=\"300\" height=\"169\" src=\"https:\/\/toldosbarbosaemlimeira.com.br\/wp-content\/uploads\/2017\/01\/cobertura-para-garagem-300x169.jpg\" class=\"attachment-medium size-medium\" alt=\"\" srcset=\"https:\/\/toldosbarbosaemlimeira.com.br\/wp-content\/uploads\/2017\/01\/cobertura-para-garagem-300x169.jpg 300w, https:\/\/toldosbarbosaemlimeira.com.br\/wp-content\/uploads\/2017\/01\/cobertura-para-garagem-768x432.jpg 768w, https:\/\/toldosbarbosaemlimeira.com.br\/wp-content\/uploads\/2017\/01\/cobertura-para-garagem-260x146.jpg 260w, https:\/\/toldosbarbosaemlimeira.com.br\/wp-content\/uploads\/2017\/01\/cobertura-para-garagem-50x28.jpg 50w, https:\/\/toldosbarbosaemlimeira.com.br\/wp-content\/uploads\/2017\/01\/cobertura-para-garagem-133x75.jpg 133w, https:\/\/toldosbarbosaemlimeira.com.br\/wp-content\/uploads\/2017\/01\/cobertura-para-garagem.jpg 960w\" sizes=\"auto, (max-width: 300px) 100vw, 300px\" \/><\/a>\n\t\t\t<\/dt><\/dl><dl class='gallery-item'>\n\t\t\t<dt class='gallery-icon landscape'>\n\t\t\t\t<a href='https:\/\/toldosbarbosaemlimeira.com.br\/wp-content\/uploads\/2017\/01\/toldo-barbosa.jpg'><img loading=\"lazy\" decoding=\"async\" width=\"300\" height=\"169\" src=\"https:\/\/toldosbarbosaemlimeira.com.br\/wp-content\/uploads\/2017\/01\/toldo-barbosa-300x169.jpg\" class=\"attachment-medium size-medium\" alt=\"\" srcset=\"https:\/\/toldosbarbosaemlimeira.com.br\/wp-content\/uploads\/2017\/01\/toldo-barbosa-300x169.jpg 300w, https:\/\/toldosbarbosaemlimeira.com.br\/wp-content\/uploads\/2017\/01\/toldo-barbosa-768x432.jpg 768w, https:\/\/toldosbarbosaemlimeira.com.br\/wp-content\/uploads\/2017\/01\/toldo-barbosa-260x146.jpg 260w, https:\/\/toldosbarbosaemlimeira.com.br\/wp-content\/uploads\/2017\/01\/toldo-barbosa-50x28.jpg 50w, https:\/\/toldosbarbosaemlimeira.com.br\/wp-content\/uploads\/2017\/01\/toldo-barbosa-133x75.jpg 133w, https:\/\/toldosbarbosaemlimeira.com.br\/wp-content\/uploads\/2017\/01\/toldo-barbosa.jpg 960w\" sizes=\"auto, (max-width: 300px) 100vw, 300px\" \/><\/a>\n\t\t\t<\/dt><\/dl><br style=\"clear: both\" \/><dl class='gallery-item'>\n\t\t\t<dt class='gallery-icon landscape'>\n\t\t\t\t<a href='https:\/\/toldosbarbosaemlimeira.com.br\/wp-content\/uploads\/2017\/01\/toldo-armado.jpg'><img loading=\"lazy\" decoding=\"async\" width=\"300\" height=\"169\" src=\"https:\/\/toldosbarbosaemlimeira.com.br\/wp-content\/uploads\/2017\/01\/toldo-armado-300x169.jpg\" class=\"attachment-medium size-medium\" alt=\"\" srcset=\"https:\/\/toldosbarbosaemlimeira.com.br\/wp-content\/uploads\/2017\/01\/toldo-armado-300x169.jpg 300w, https:\/\/toldosbarbosaemlimeira.com.br\/wp-content\/uploads\/2017\/01\/toldo-armado-768x432.jpg 768w, https:\/\/toldosbarbosaemlimeira.com.br\/wp-content\/uploads\/2017\/01\/toldo-armado-260x146.jpg 260w, https:\/\/toldosbarbosaemlimeira.com.br\/wp-content\/uploads\/2017\/01\/toldo-armado-50x28.jpg 50w, https:\/\/toldosbarbosaemlimeira.com.br\/wp-content\/uploads\/2017\/01\/toldo-armado-133x75.jpg 133w, https:\/\/toldosbarbosaemlimeira.com.br\/wp-content\/uploads\/2017\/01\/toldo-armado.jpg 960w\" sizes=\"auto, (max-width: 300px) 100vw, 300px\" \/><\/a>\n\t\t\t<\/dt><\/dl><dl class='gallery-item'>\n\t\t\t<dt class='gallery-icon landscape'>\n\t\t\t\t<a href='https:\/\/toldosbarbosaemlimeira.com.br\/wp-content\/uploads\/2017\/01\/toldo-em-lona.jpg'><img loading=\"lazy\" decoding=\"async\" width=\"300\" height=\"169\" src=\"https:\/\/toldosbarbosaemlimeira.com.br\/wp-content\/uploads\/2017\/01\/toldo-em-lona-300x169.jpg\" class=\"attachment-medium size-medium\" alt=\"\" srcset=\"https:\/\/toldosbarbosaemlimeira.com.br\/wp-content\/uploads\/2017\/01\/toldo-em-lona-300x169.jpg 300w, https:\/\/toldosbarbosaemlimeira.com.br\/wp-content\/uploads\/2017\/01\/toldo-em-lona-768x432.jpg 768w, https:\/\/toldosbarbosaemlimeira.com.br\/wp-content\/uploads\/2017\/01\/toldo-em-lona-260x146.jpg 260w, https:\/\/toldosbarbosaemlimeira.com.br\/wp-content\/uploads\/2017\/01\/toldo-em-lona-50x28.jpg 50w, https:\/\/toldosbarbosaemlimeira.com.br\/wp-content\/uploads\/2017\/01\/toldo-em-lona-133x75.jpg 133w, https:\/\/toldosbarbosaemlimeira.com.br\/wp-content\/uploads\/2017\/01\/toldo-em-lona.jpg 960w\" sizes=\"auto, (max-width: 300px) 100vw, 300px\" \/><\/a>\n\t\t\t<\/dt><\/dl><dl class='gallery-item'>\n\t\t\t<dt class='gallery-icon landscape'>\n\t\t\t\t<a href='https:\/\/toldosbarbosaemlimeira.com.br\/wp-content\/uploads\/2017\/01\/toldo-de-lona.jpg'><img loading=\"lazy\" decoding=\"async\" width=\"300\" height=\"169\" src=\"https:\/\/toldosbarbosaemlimeira.com.br\/wp-content\/uploads\/2017\/01\/toldo-de-lona-300x169.jpg\" class=\"attachment-medium size-medium\" alt=\"\" srcset=\"https:\/\/toldosbarbosaemlimeira.com.br\/wp-content\/uploads\/2017\/01\/toldo-de-lona-300x169.jpg 300w, https:\/\/toldosbarbosaemlimeira.com.br\/wp-content\/uploads\/2017\/01\/toldo-de-lona-768x432.jpg 768w, https:\/\/toldosbarbosaemlimeira.com.br\/wp-content\/uploads\/2017\/01\/toldo-de-lona-260x146.jpg 260w, https:\/\/toldosbarbosaemlimeira.com.br\/wp-content\/uploads\/2017\/01\/toldo-de-lona-50x28.jpg 50w, https:\/\/toldosbarbosaemlimeira.com.br\/wp-content\/uploads\/2017\/01\/toldo-de-lona-133x75.jpg 133w, https:\/\/toldosbarbosaemlimeira.com.br\/wp-content\/uploads\/2017\/01\/toldo-de-lona.jpg 960w\" sizes=\"auto, (max-width: 300px) 100vw, 300px\" \/><\/a>\n\t\t\t<\/dt><\/dl><dl class='gallery-item'>\n\t\t\t<dt class='gallery-icon landscape'>\n\t\t\t\t<a href='https:\/\/toldosbarbosaemlimeira.com.br\/wp-content\/uploads\/2017\/01\/toldo-cobertura-para-garagem.jpg'><img loading=\"lazy\" decoding=\"async\" width=\"300\" height=\"169\" src=\"https:\/\/toldosbarbosaemlimeira.com.br\/wp-content\/uploads\/2017\/01\/toldo-cobertura-para-garagem-300x169.jpg\" class=\"attachment-medium size-medium\" alt=\"\" srcset=\"https:\/\/toldosbarbosaemlimeira.com.br\/wp-content\/uploads\/2017\/01\/toldo-cobertura-para-garagem-300x169.jpg 300w, https:\/\/toldosbarbosaemlimeira.com.br\/wp-content\/uploads\/2017\/01\/toldo-cobertura-para-garagem-768x432.jpg 768w, https:\/\/toldosbarbosaemlimeira.com.br\/wp-content\/uploads\/2017\/01\/toldo-cobertura-para-garagem-260x146.jpg 260w, https:\/\/toldosbarbosaemlimeira.com.br\/wp-content\/uploads\/2017\/01\/toldo-cobertura-para-garagem-50x28.jpg 50w, https:\/\/toldosbarbosaemlimeira.com.br\/wp-content\/uploads\/2017\/01\/toldo-cobertura-para-garagem-133x75.jpg 133w, https:\/\/toldosbarbosaemlimeira.com.br\/wp-content\/uploads\/2017\/01\/toldo-cobertura-para-garagem.jpg 960w\" sizes=\"auto, (max-width: 300px) 100vw, 300px\" \/><\/a>\n\t\t\t<\/dt><\/dl><br style=\"clear: both\" \/><dl class='gallery-item'>\n\t\t\t<dt class='gallery-icon landscape'>\n\t\t\t\t<a href='https:\/\/toldosbarbosaemlimeira.com.br\/wp-content\/uploads\/2017\/01\/toldo-barbosa-lona.jpg'><img loading=\"lazy\" decoding=\"async\" width=\"300\" height=\"169\" src=\"https:\/\/toldosbarbosaemlimeira.com.br\/wp-content\/uploads\/2017\/01\/toldo-barbosa-lona-300x169.jpg\" class=\"attachment-medium size-medium\" alt=\"\" srcset=\"https:\/\/toldosbarbosaemlimeira.com.br\/wp-content\/uploads\/2017\/01\/toldo-barbosa-lona-300x169.jpg 300w, https:\/\/toldosbarbosaemlimeira.com.br\/wp-content\/uploads\/2017\/01\/toldo-barbosa-lona-768x432.jpg 768w, https:\/\/toldosbarbosaemlimeira.com.br\/wp-content\/uploads\/2017\/01\/toldo-barbosa-lona-260x146.jpg 260w, https:\/\/toldosbarbosaemlimeira.com.br\/wp-content\/uploads\/2017\/01\/toldo-barbosa-lona-50x28.jpg 50w, https:\/\/toldosbarbosaemlimeira.com.br\/wp-content\/uploads\/2017\/01\/toldo-barbosa-lona-133x75.jpg 133w, https:\/\/toldosbarbosaemlimeira.com.br\/wp-content\/uploads\/2017\/01\/toldo-barbosa-lona.jpg 960w\" sizes=\"auto, (max-width: 300px) 100vw, 300px\" \/><\/a>\n\t\t\t<\/dt><\/dl><dl class='gallery-item'>\n\t\t\t<dt class='gallery-icon landscape'>\n\t\t\t\t<a href='https:\/\/toldosbarbosaemlimeira.com.br\/wp-content\/uploads\/2017\/01\/toldo-em-lona-retratil.jpg'><img loading=\"lazy\" decoding=\"async\" width=\"300\" height=\"169\" src=\"https:\/\/toldosbarbosaemlimeira.com.br\/wp-content\/uploads\/2017\/01\/toldo-em-lona-retratil-300x169.jpg\" class=\"attachment-medium size-medium\" alt=\"\" srcset=\"https:\/\/toldosbarbosaemlimeira.com.br\/wp-content\/uploads\/2017\/01\/toldo-em-lona-retratil-300x169.jpg 300w, https:\/\/toldosbarbosaemlimeira.com.br\/wp-content\/uploads\/2017\/01\/toldo-em-lona-retratil-768x432.jpg 768w, https:\/\/toldosbarbosaemlimeira.com.br\/wp-content\/uploads\/2017\/01\/toldo-em-lona-retratil-260x146.jpg 260w, https:\/\/toldosbarbosaemlimeira.com.br\/wp-content\/uploads\/2017\/01\/toldo-em-lona-retratil-50x28.jpg 50w, https:\/\/toldosbarbosaemlimeira.com.br\/wp-content\/uploads\/2017\/01\/toldo-em-lona-retratil-133x75.jpg 133w, https:\/\/toldosbarbosaemlimeira.com.br\/wp-content\/uploads\/2017\/01\/toldo-em-lona-retratil.jpg 960w\" sizes=\"auto, (max-width: 300px) 100vw, 300px\" \/><\/a>\n\t\t\t<\/dt><\/dl><dl class='gallery-item'>\n\t\t\t<dt class='gallery-icon landscape'>\n\t\t\t\t<a href='https:\/\/toldosbarbosaemlimeira.com.br\/wp-content\/uploads\/2017\/01\/toldo-em-policarbonato-retratil.jpg'><img loading=\"lazy\" decoding=\"async\" width=\"300\" height=\"169\" src=\"https:\/\/toldosbarbosaemlimeira.com.br\/wp-content\/uploads\/2017\/01\/toldo-em-policarbonato-retratil-300x169.jpg\" class=\"attachment-medium size-medium\" alt=\"\" srcset=\"https:\/\/toldosbarbosaemlimeira.com.br\/wp-content\/uploads\/2017\/01\/toldo-em-policarbonato-retratil-300x169.jpg 300w, https:\/\/toldosbarbosaemlimeira.com.br\/wp-content\/uploads\/2017\/01\/toldo-em-policarbonato-retratil-768x432.jpg 768w, https:\/\/toldosbarbosaemlimeira.com.br\/wp-content\/uploads\/2017\/01\/toldo-em-policarbonato-retratil-260x146.jpg 260w, https:\/\/toldosbarbosaemlimeira.com.br\/wp-content\/uploads\/2017\/01\/toldo-em-policarbonato-retratil-50x28.jpg 50w, https:\/\/toldosbarbosaemlimeira.com.br\/wp-content\/uploads\/2017\/01\/toldo-em-policarbonato-retratil-133x75.jpg 133w, https:\/\/toldosbarbosaemlimeira.com.br\/wp-content\/uploads\/2017\/01\/toldo-em-policarbonato-retratil.jpg 960w\" sizes=\"auto, (max-width: 300px) 100vw, 300px\" \/><\/a>\n\t\t\t<\/dt><\/dl><dl class='gallery-item'>\n\t\t\t<dt class='gallery-icon landscape'>\n\t\t\t\t<a href='https:\/\/toldosbarbosaemlimeira.com.br\/wp-content\/uploads\/2017\/01\/toldo-em-policarbonato-retratil-2.jpg'><img loading=\"lazy\" decoding=\"async\" width=\"300\" height=\"169\" src=\"https:\/\/toldosbarbosaemlimeira.com.br\/wp-content\/uploads\/2017\/01\/toldo-em-policarbonato-retratil-2-300x169.jpg\" class=\"attachment-medium size-medium\" alt=\"\" srcset=\"https:\/\/toldosbarbosaemlimeira.com.br\/wp-content\/uploads\/2017\/01\/toldo-em-policarbonato-retratil-2-300x169.jpg 300w, https:\/\/toldosbarbosaemlimeira.com.br\/wp-content\/uploads\/2017\/01\/toldo-em-policarbonato-retratil-2-768x432.jpg 768w, https:\/\/toldosbarbosaemlimeira.com.br\/wp-content\/uploads\/2017\/01\/toldo-em-policarbonato-retratil-2-260x146.jpg 260w, https:\/\/toldosbarbosaemlimeira.com.br\/wp-content\/uploads\/2017\/01\/toldo-em-policarbonato-retratil-2-50x28.jpg 50w, https:\/\/toldosbarbosaemlimeira.com.br\/wp-content\/uploads\/2017\/01\/toldo-em-policarbonato-retratil-2-133x75.jpg 133w, https:\/\/toldosbarbosaemlimeira.com.br\/wp-content\/uploads\/2017\/01\/toldo-em-policarbonato-retratil-2.jpg 960w\" sizes=\"auto, (max-width: 300px) 100vw, 300px\" \/><\/a>\n\t\t\t<\/dt><\/dl><br style=\"clear: both\" \/>\n\t\t<\/div>\n\n<p>no-repeat;center top;;<\/p>\n<p>auto<\/p>\n<p>Or\u00e7amentos: 3445-4335 \/ 3034-6933 \/ 98727-1335<\/p>\n<p><span class=\"big\" style=\"color:#000;\">Fale com um especialista, solicite um or\u00e7amento ou tire d\u00favidas.<\/span><\/p>\n<p>icon<\/p>\n<p>icon-phone<\/p>\n<p>Condi\u00e7\u00f5es Especiais<\/p>\n<div style=\"border-right: 3px solid rgba(0,0,0,.8); padding: 20px 4% 20px 0;\">\n<h3 style=\"color:#000;\"><b>Condi\u00e7\u00f5es Especiais<\/b><\/h3>\n<p>M\u00e3o de obra <b>qualificada e experiente<\/b>, materiais da melhor <b>qualidade<\/b>, pre\u00e7os <b>competitivos<\/b> e condi\u00e7\u00f5es <b>facilitadas<\/b> para realiza\u00e7\u00e3o do seu projeto.<\/p>\n<p>Aceitamos pagamento por cart\u00e3o de cr\u00e9dito, d\u00e9bito e cheque. <b>Consulte parcelamento<\/b>. <\/p>\n<\/div>\n<p>no-repeat;center top;;<\/p>\n<p>auto<\/p>\n<p>Miss\u00e3o Vis\u00e3o Valores<\/p>\n<div style=\"padding: 20px 0 20px 4%;\">\n<h3  style=\"color:#000;\"><b>Miss\u00e3o, Vis\u00e3o e Valores<\/b><\/h3>\n<p>Nossa miss\u00e3o <b>\u00e9 a satisfa\u00e7\u00e3o do cliente<\/b>.<\/p>\n<p>Nossa vis\u00e3o <b>\u00e9 realizar servi\u00e7os com qualidade e garantia<\/b>.<\/p>\n<p>Nossos valores: <b>Respeito \u00e0s pessoas, excel\u00eancia com simplicidade, transpar\u00eancia, confian\u00e7a, seguran\u00e7a<\/b>.<\/p>\n<\/div>\n<p>no-repeat;center top;;<\/p>\n<p>auto<\/p>\n<p>Contato<\/p>\n<h2>Fale Conosco<\/h2>\n<p>[divider height=&#8221;5&#8243;]<\/p>\n<h5 style=\"font-weight: 300; color:#000;\">\n\t\tAv. Souza Queiroz, 52 &#8211; Vila Queiroz<br \/>\n\t\tLimeira-SP &#8211; CEP 13485-025<br \/>\n\t\tFone: (19) 3445-4335 <br \/>\n                 \/ 3034-6933 \/ 98727-1335 &#8211; Whatsapp<\/p>\n<\/h5>\n<p>[divider height=&#8221;10&#8243;]<\/p>\n<h5><b>Envie uma mensagem ou solicite um or\u00e7amento.<\/b><\/h5>\n<p>[contact-form-7 id=&#8221;156&#8243; title=&#8221;Formul\u00e1rio Site&#8221;]<\/p>\n<p>left<\/p>\n<p>no-repeat;center top;;<\/p>\n<p>auto<\/p>\n<p>30px 9% 0 20px<\/p>\n<p>zoomIn<\/p>\n<p>Mapa<\/p>\n<p>[map lat=&#8221;-22.555813&#8243; lng=&#8221;-47.3988107&#8243; height=&#8221;600&#8243; zoom=&#8221;15&#8243; type=&#8221;ROADMAP&#8221; controls=&#8221;zoom mapType&#8221; draggable=&#8221;&#8221; icon=&#8221;https:\/\/lightgray-hare-437419.hostingersite.com\/wp-content\/uploads\/2017\/01\/logo-mapa.png&#8221;][\/map]<\/p>\n<p>no-repeat;center top;;<\/p>\n<p>auto<\/p>\n<p>0px<\/p>\n<p>zoomInRight<\/p>\n","protected":false},"excerpt":{"rendered":"<p>Quem Somos [google_font font=&#8221;Roboto&#8221; size=&#8221;50&#8243; weight=&#8221;400&#8243; italic=&#8221;0&#8243; letter_spacing=&#8221;&#8221; color=&#8221;#fff&#8221; subset=&#8221;&#8221;]Quem Somos[\/google_font] left #a7853b no-repeat;center top;; auto 20px Quem Somos Toldos Barbosa H\u00e1 mais de 10 anos atuando com o com\u00e9rcio e instala\u00e7\u00e3o de toldos em Limeira. [divider height=&#8221;15&#8243;] Profissionais qualificados e atendimento diferenciado fazem da Toldos Barbosa uma empresa que preza pela qualidade no atendimento, [&hellip;]<\/p>\n","protected":false},"author":1,"featured_media":0,"parent":0,"menu_order":0,"comment_status":"open","ping_status":"open","template":"","meta":{"footnotes":""},"class_list":["post-141","page","type-page","status-publish","hentry"],"_links":{"self":[{"href":"https:\/\/toldosbarbosaemlimeira.com.br\/index.php\/wp-json\/wp\/v2\/pages\/141","targetHints":{"allow":["GET"]}}],"collection":[{"href":"https:\/\/toldosbarbosaemlimeira.com.br\/index.php\/wp-json\/wp\/v2\/pages"}],"about":[{"href":"https:\/\/toldosbarbosaemlimeira.com.br\/index.php\/wp-json\/wp\/v2\/types\/page"}],"author":[{"embeddable":true,"href":"https:\/\/toldosbarbosaemlimeira.com.br\/index.php\/wp-json\/wp\/v2\/users\/1"}],"replies":[{"embeddable":true,"href":"https:\/\/toldosbarbosaemlimeira.com.br\/index.php\/wp-json\/wp\/v2\/comments?post=141"}],"version-history":[{"count":6,"href":"https:\/\/toldosbarbosaemlimeira.com.br\/index.php\/wp-json\/wp\/v2\/pages\/141\/revisions"}],"predecessor-version":[{"id":193,"href":"https:\/\/toldosbarbosaemlimeira.com.br\/index.php\/wp-json\/wp\/v2\/pages\/141\/revisions\/193"}],"wp:attachment":[{"href":"https:\/\/toldosbarbosaemlimeira.com.br\/index.php\/wp-json\/wp\/v2\/media?parent=141"}],"curies":[{"name":"wp","href":"https:\/\/api.w.org\/{rel}","templated":true}]}}